{"id":404,"date":"2024-11-01T00:30:30","date_gmt":"2024-11-01T00:30:30","guid":{"rendered":"https:\/\/prinsessepower.wtf\/blog\/?page_id=404"},"modified":"2025-03-03T08:36:34","modified_gmt":"2025-03-03T07:36:34","slug":"kald-pa-prinsessen","status":"publish","type":"page","link":"https:\/\/prinsessepower.wtf\/blog\/kald-pa-prinsessen\/","title":{"rendered":"Kald p\u00e5 Prinsessen"},"content":{"rendered":"<h2>\ud83d\udca5\ud83d\udc51 Krigerprinsessen \ud83d\udc31\ud83d\udc1e\ud83e\udd8b byder dig velkommen til hendes magiske slot!<\/h2>\n<p>Har du brug for en dosis kongeligt r\u00e5d, eller \u00f8nsker du at dele et eventyr? Skriv dine hemmeligheder, sp\u00f8rgsm\u00e5l, eller kongelige annonceringer nedenfor, og lad dit budskab n\u00e5 mit kongelige hof. Mine trofaste hoffolk vil sikre, at hvert et ord b\u00e6res p\u00e5 silkepuder direkte til min tronsal.<\/p>\n<p>Udfyld formularen nedenfor, og tr\u00e6d ind i en verden af magi og mystik:<\/p>\n\n<div class=\"wp-block-jetpack-contact-form is-style-outlined is-layout-flex wp-container-jetpack-contact-form-is-layout-026b38f8 wp-block-jetpack-contact-form-is-layout-flex\"><a href=\"https:\/\/prinsessepower.wtf\/blog\/kald-pa-prinsessen\/\" target=\"_blank\" rel=\"noopener noreferrer\">Submit a form.<\/a><\/div>","protected":false},"excerpt":{"rendered":"<p>\ud83d\udca5\ud83d\udc51 Krigerprinsessen \ud83d\udc31\ud83d\udc1e\ud83e\udd8b byder dig velkommen til hendes magiske slot! Har du brug for en dosis kongeligt r\u00e5d, eller \u00f8nsker du at dele et eventyr? Skriv dine hemmeligheder, sp\u00f8rgsm\u00e5l, eller kongelige annonceringer nedenfor, og lad dit budskab n\u00e5 mit kongelige hof. Mine trofaste hoffolk vil sikre, at hvert et ord b\u00e6res p\u00e5 silkepuder direkte til&hellip;&nbsp;<a href=\"https:\/\/prinsessepower.wtf\/blog\/kald-pa-prinsessen\/\" rel=\"bookmark\">L\u00e6s mere &raquo;<span class=\"screen-reader-text\">Kald p\u00e5 Prinsessen<\/span><\/a><\/p>\n","protected":false},"author":1,"featured_media":0,"parent":0,"menu_order":0,"comment_status":"closed","ping_status":"closed","template":"","meta":{"neve_meta_sidebar":"","neve_meta_container":"","neve_meta_enable_content_width":"","neve_meta_content_width":0,"neve_meta_title_alignment":"","neve_meta_author_avatar":"","neve_post_elements_order":"","neve_meta_disable_header":"","neve_meta_disable_footer":"","neve_meta_disable_title":"","jetpack_post_was_ever_published":false,"footnotes":""},"class_list":["post-404","page","type-page","status-publish","hentry"],"yoast_head":"<!-- This site is optimized with the Yoast SEO plugin v27.5 - https:\/\/yoast.com\/product\/yoast-seo-wordpress\/ -->\n<title>Kald p\u00e5 Prinsessen | Krigerprinsessen konfronterer<\/title>\n<meta name=\"description\" content=\"Fejldiagnosticeret, men langt fra f\u00e6rdig! F\u00f8lg min kamp for mental sundhed, neurodiversitet og de sm\u00e5 gl\u00e6der \u2013 med sarkasme og diadem p\u00e5!\" \/>\n<meta name=\"robots\" content=\"index, follow, max-snippet:-1, max-image-preview:large, max-video-preview:-1\" \/>\n<link rel=\"canonical\" href=\"https:\/\/prinsessepower.wtf\/blog\/kald-pa-prinsessen\/\" \/>\n<meta property=\"og:locale\" content=\"da_DK\" \/>\n<meta property=\"og:type\" content=\"article\" \/>\n<meta property=\"og:title\" content=\"Kald p\u00e5 Prinsessen | Krigerprinsessen konfronterer\" \/>\n<meta property=\"og:description\" content=\"Fejldiagnosticeret, men langt fra f\u00e6rdig! F\u00f8lg min kamp for mental sundhed, neurodiversitet og de sm\u00e5 gl\u00e6der \u2013 med sarkasme og diadem p\u00e5!\" \/>\n<meta property=\"og:url\" content=\"https:\/\/prinsessepower.wtf\/blog\/kald-pa-prinsessen\/\" \/>\n<meta property=\"og:site_name\" content=\"Krigerprinsessen konfronterer\" \/>\n<meta property=\"article:modified_time\" content=\"2025-03-03T07:36:34+00:00\" \/>\n<meta name=\"twitter:card\" content=\"summary_large_image\" \/>\n<meta name=\"twitter:label1\" content=\"Estimeret l\u00e6setid\" \/>\n\t<meta name=\"twitter:data1\" content=\"1 minut\" \/>\n<script type=\"application\/ld+json\" class=\"yoast-schema-graph\">{\"@context\":\"https:\\\/\\\/schema.org\",\"@graph\":[{\"@type\":[\"Article\",\"BlogPosting\"],\"@id\":\"https:\\\/\\\/prinsessepower.wtf\\\/blog\\\/kald-pa-prinsessen\\\/#article\",\"isPartOf\":{\"@id\":\"https:\\\/\\\/prinsessepower.wtf\\\/blog\\\/kald-pa-prinsessen\\\/\"},\"author\":{\"name\":\"DiademX\",\"@id\":\"https:\\\/\\\/prinsessepower.wtf\\\/blog\\\/#\\\/schema\\\/person\\\/365b41744f8ad5976d5939d15672c816\"},\"headline\":\"Kald p\u00e5 Prinsessen\",\"datePublished\":\"2024-11-01T00:30:30+00:00\",\"dateModified\":\"2025-03-03T07:36:34+00:00\",\"mainEntityOfPage\":{\"@id\":\"https:\\\/\\\/prinsessepower.wtf\\\/blog\\\/kald-pa-prinsessen\\\/\"},\"wordCount\":76,\"publisher\":{\"@id\":\"https:\\\/\\\/prinsessepower.wtf\\\/blog\\\/#\\\/schema\\\/person\\\/365b41744f8ad5976d5939d15672c816\"},\"inLanguage\":\"da-DK\"},{\"@type\":\"WebPage\",\"@id\":\"https:\\\/\\\/prinsessepower.wtf\\\/blog\\\/kald-pa-prinsessen\\\/\",\"url\":\"https:\\\/\\\/prinsessepower.wtf\\\/blog\\\/kald-pa-prinsessen\\\/\",\"name\":\"Kald p\u00e5 Prinsessen | Krigerprinsessen konfronterer\",\"isPartOf\":{\"@id\":\"https:\\\/\\\/prinsessepower.wtf\\\/blog\\\/#website\"},\"datePublished\":\"2024-11-01T00:30:30+00:00\",\"dateModified\":\"2025-03-03T07:36:34+00:00\",\"description\":\"Fejldiagnosticeret, men langt fra f\u00e6rdig! F\u00f8lg min kamp for mental sundhed, neurodiversitet og de sm\u00e5 gl\u00e6der \u2013 med sarkasme og diadem p\u00e5!\",\"breadcrumb\":{\"@id\":\"https:\\\/\\\/prinsessepower.wtf\\\/blog\\\/kald-pa-prinsessen\\\/#breadcrumb\"},\"inLanguage\":\"da-DK\",\"potentialAction\":[{\"@type\":\"ReadAction\",\"target\":[\"https:\\\/\\\/prinsessepower.wtf\\\/blog\\\/kald-pa-prinsessen\\\/\"]}]},{\"@type\":\"BreadcrumbList\",\"@id\":\"https:\\\/\\\/prinsessepower.wtf\\\/blog\\\/kald-pa-prinsessen\\\/#breadcrumb\",\"itemListElement\":[{\"@type\":\"ListItem\",\"position\":1,\"name\":\"Slottet\",\"item\":\"https:\\\/\\\/prinsessepower.wtf\\\/blog\\\/\"},{\"@type\":\"ListItem\",\"position\":2,\"name\":\"Kald p\u00e5 Prinsessen\"}]},{\"@type\":\"WebSite\",\"@id\":\"https:\\\/\\\/prinsessepower.wtf\\\/blog\\\/#website\",\"url\":\"https:\\\/\\\/prinsessepower.wtf\\\/blog\\\/\",\"name\":\"Krigerprinsessen konfronterer\",\"description\":\"\ud83d\udca5 Tryk avler modtryk \ud83d\udca5\",\"publisher\":{\"@id\":\"https:\\\/\\\/prinsessepower.wtf\\\/blog\\\/#\\\/schema\\\/person\\\/365b41744f8ad5976d5939d15672c816\"},\"alternateName\":\"Krigerprinsessen konfronterer\",\"potentialAction\":[{\"@type\":\"SearchAction\",\"target\":{\"@type\":\"EntryPoint\",\"urlTemplate\":\"https:\\\/\\\/prinsessepower.wtf\\\/blog\\\/?s={search_term_string}\"},\"query-input\":{\"@type\":\"PropertyValueSpecification\",\"valueRequired\":true,\"valueName\":\"search_term_string\"}}],\"inLanguage\":\"da-DK\"},{\"@type\":[\"Person\",\"Organization\"],\"@id\":\"https:\\\/\\\/prinsessepower.wtf\\\/blog\\\/#\\\/schema\\\/person\\\/365b41744f8ad5976d5939d15672c816\",\"name\":\"DiademX\",\"image\":{\"@type\":\"ImageObject\",\"inLanguage\":\"da-DK\",\"@id\":\"https:\\\/\\\/i0.wp.com\\\/prinsessepower.wtf\\\/blog\\\/wp-content\\\/uploads\\\/2024\\\/10\\\/DiademX20240621b-scaled.jpg?fit=2356%2C2560&ssl=1\",\"url\":\"https:\\\/\\\/i0.wp.com\\\/prinsessepower.wtf\\\/blog\\\/wp-content\\\/uploads\\\/2024\\\/10\\\/DiademX20240621b-scaled.jpg?fit=2356%2C2560&ssl=1\",\"contentUrl\":\"https:\\\/\\\/i0.wp.com\\\/prinsessepower.wtf\\\/blog\\\/wp-content\\\/uploads\\\/2024\\\/10\\\/DiademX20240621b-scaled.jpg?fit=2356%2C2560&ssl=1\",\"width\":2356,\"height\":2560,\"caption\":\"DiademX\"},\"logo\":{\"@id\":\"https:\\\/\\\/i0.wp.com\\\/prinsessepower.wtf\\\/blog\\\/wp-content\\\/uploads\\\/2024\\\/10\\\/DiademX20240621b-scaled.jpg?fit=2356%2C2560&ssl=1\"},\"description\":\"F\u00f8dt i 1975. M\u00f8dte Mandse i 1998, og flyttede sammen med ham. Fejlbehandlet for skizofreni siden 2001. F\u00f8rste indl\u00e6ggelse i 2004. Giftede mig med Mandse i 2008. I 2009 var vi s\u00e5 heldige, at m\u00f8de Mimi p\u00e5 1\u00bd \u00e5r, som var en lille DSG\\\/gravhund. Anden indl\u00e6ggelse i 2012. Svingd\u00f8rspatient, selvskadende og suicidal siden 2013. I 2021 m\u00e5tte vores lille nussepige Mimi desv\u00e6rre forlade os. Senere p\u00e5 \u00e5ret hentede vi Walther (B\u00f8ffe) p\u00e5 Fyn (75% gravhund\\\/25% DSG). Medicinfri (antipsykotika) i 2022. V\u00e6gttab startede primo 2022 (60-65 kg. efter 80 kg. overv\u00e6gt af antipsykotika). Udredt for f\u00f8rste gang i 2024 med diagnoserne autisme, ADHD og kompleks PTSD. Opstart p\u00e5 ADHD-medicin.\",\"sameAs\":[\"https:\\\/\\\/prinsessepower.wtf\\\/blog\",\"https:\\\/\\\/www.linkedin.com\\\/in\\\/sussi-malene-jacobsen--880604282\\\/\"],\"url\":\"https:\\\/\\\/prinsessepower.wtf\\\/blog\\\/author\\\/sushiespice_ldpg9b7u\\\/\"}]}<\/script>\n<!-- \/ Yoast SEO plugin. -->","yoast_head_json":{"title":"Kald p\u00e5 Prinsessen | Krigerprinsessen konfronterer","description":"Fejldiagnosticeret, men langt fra f\u00e6rdig! F\u00f8lg min kamp for mental sundhed, neurodiversitet og de sm\u00e5 gl\u00e6der \u2013 med sarkasme og diadem p\u00e5!","robots":{"index":"index","follow":"follow","max-snippet":"max-snippet:-1","max-image-preview":"max-image-preview:large","max-video-preview":"max-video-preview:-1"},"canonical":"https:\/\/prinsessepower.wtf\/blog\/kald-pa-prinsessen\/","og_locale":"da_DK","og_type":"article","og_title":"Kald p\u00e5 Prinsessen | Krigerprinsessen konfronterer","og_description":"Fejldiagnosticeret, men langt fra f\u00e6rdig! F\u00f8lg min kamp for mental sundhed, neurodiversitet og de sm\u00e5 gl\u00e6der \u2013 med sarkasme og diadem p\u00e5!","og_url":"https:\/\/prinsessepower.wtf\/blog\/kald-pa-prinsessen\/","og_site_name":"Krigerprinsessen konfronterer","article_modified_time":"2025-03-03T07:36:34+00:00","twitter_card":"summary_large_image","twitter_misc":{"Estimeret l\u00e6setid":"1 minut"},"schema":{"@context":"https:\/\/schema.org","@graph":[{"@type":["Article","BlogPosting"],"@id":"https:\/\/prinsessepower.wtf\/blog\/kald-pa-prinsessen\/#article","isPartOf":{"@id":"https:\/\/prinsessepower.wtf\/blog\/kald-pa-prinsessen\/"},"author":{"name":"DiademX","@id":"https:\/\/prinsessepower.wtf\/blog\/#\/schema\/person\/365b41744f8ad5976d5939d15672c816"},"headline":"Kald p\u00e5 Prinsessen","datePublished":"2024-11-01T00:30:30+00:00","dateModified":"2025-03-03T07:36:34+00:00","mainEntityOfPage":{"@id":"https:\/\/prinsessepower.wtf\/blog\/kald-pa-prinsessen\/"},"wordCount":76,"publisher":{"@id":"https:\/\/prinsessepower.wtf\/blog\/#\/schema\/person\/365b41744f8ad5976d5939d15672c816"},"inLanguage":"da-DK"},{"@type":"WebPage","@id":"https:\/\/prinsessepower.wtf\/blog\/kald-pa-prinsessen\/","url":"https:\/\/prinsessepower.wtf\/blog\/kald-pa-prinsessen\/","name":"Kald p\u00e5 Prinsessen | Krigerprinsessen konfronterer","isPartOf":{"@id":"https:\/\/prinsessepower.wtf\/blog\/#website"},"datePublished":"2024-11-01T00:30:30+00:00","dateModified":"2025-03-03T07:36:34+00:00","description":"Fejldiagnosticeret, men langt fra f\u00e6rdig! F\u00f8lg min kamp for mental sundhed, neurodiversitet og de sm\u00e5 gl\u00e6der \u2013 med sarkasme og diadem p\u00e5!","breadcrumb":{"@id":"https:\/\/prinsessepower.wtf\/blog\/kald-pa-prinsessen\/#breadcrumb"},"inLanguage":"da-DK","potentialAction":[{"@type":"ReadAction","target":["https:\/\/prinsessepower.wtf\/blog\/kald-pa-prinsessen\/"]}]},{"@type":"BreadcrumbList","@id":"https:\/\/prinsessepower.wtf\/blog\/kald-pa-prinsessen\/#breadcrumb","itemListElement":[{"@type":"ListItem","position":1,"name":"Slottet","item":"https:\/\/prinsessepower.wtf\/blog\/"},{"@type":"ListItem","position":2,"name":"Kald p\u00e5 Prinsessen"}]},{"@type":"WebSite","@id":"https:\/\/prinsessepower.wtf\/blog\/#website","url":"https:\/\/prinsessepower.wtf\/blog\/","name":"Krigerprinsessen konfronterer","description":"\ud83d\udca5 Tryk avler modtryk \ud83d\udca5","publisher":{"@id":"https:\/\/prinsessepower.wtf\/blog\/#\/schema\/person\/365b41744f8ad5976d5939d15672c816"},"alternateName":"Krigerprinsessen konfronterer","potentialAction":[{"@type":"SearchAction","target":{"@type":"EntryPoint","urlTemplate":"https:\/\/prinsessepower.wtf\/blog\/?s={search_term_string}"},"query-input":{"@type":"PropertyValueSpecification","valueRequired":true,"valueName":"search_term_string"}}],"inLanguage":"da-DK"},{"@type":["Person","Organization"],"@id":"https:\/\/prinsessepower.wtf\/blog\/#\/schema\/person\/365b41744f8ad5976d5939d15672c816","name":"DiademX","image":{"@type":"ImageObject","inLanguage":"da-DK","@id":"https:\/\/i0.wp.com\/prinsessepower.wtf\/blog\/wp-content\/uploads\/2024\/10\/DiademX20240621b-scaled.jpg?fit=2356%2C2560&ssl=1","url":"https:\/\/i0.wp.com\/prinsessepower.wtf\/blog\/wp-content\/uploads\/2024\/10\/DiademX20240621b-scaled.jpg?fit=2356%2C2560&ssl=1","contentUrl":"https:\/\/i0.wp.com\/prinsessepower.wtf\/blog\/wp-content\/uploads\/2024\/10\/DiademX20240621b-scaled.jpg?fit=2356%2C2560&ssl=1","width":2356,"height":2560,"caption":"DiademX"},"logo":{"@id":"https:\/\/i0.wp.com\/prinsessepower.wtf\/blog\/wp-content\/uploads\/2024\/10\/DiademX20240621b-scaled.jpg?fit=2356%2C2560&ssl=1"},"description":"F\u00f8dt i 1975. M\u00f8dte Mandse i 1998, og flyttede sammen med ham. Fejlbehandlet for skizofreni siden 2001. F\u00f8rste indl\u00e6ggelse i 2004. Giftede mig med Mandse i 2008. I 2009 var vi s\u00e5 heldige, at m\u00f8de Mimi p\u00e5 1\u00bd \u00e5r, som var en lille DSG\/gravhund. Anden indl\u00e6ggelse i 2012. Svingd\u00f8rspatient, selvskadende og suicidal siden 2013. I 2021 m\u00e5tte vores lille nussepige Mimi desv\u00e6rre forlade os. Senere p\u00e5 \u00e5ret hentede vi Walther (B\u00f8ffe) p\u00e5 Fyn (75% gravhund\/25% DSG). Medicinfri (antipsykotika) i 2022. V\u00e6gttab startede primo 2022 (60-65 kg. efter 80 kg. overv\u00e6gt af antipsykotika). Udredt for f\u00f8rste gang i 2024 med diagnoserne autisme, ADHD og kompleks PTSD. Opstart p\u00e5 ADHD-medicin.","sameAs":["https:\/\/prinsessepower.wtf\/blog","https:\/\/www.linkedin.com\/in\/sussi-malene-jacobsen--880604282\/"],"url":"https:\/\/prinsessepower.wtf\/blog\/author\/sushiespice_ldpg9b7u\/"}]}},"jetpack_sharing_enabled":true,"_links":{"self":[{"href":"https:\/\/prinsessepower.wtf\/blog\/wp-json\/wp\/v2\/pages\/404","targetHints":{"allow":["GET"]}}],"collection":[{"href":"https:\/\/prinsessepower.wtf\/blog\/wp-json\/wp\/v2\/pages"}],"about":[{"href":"https:\/\/prinsessepower.wtf\/blog\/wp-json\/wp\/v2\/types\/page"}],"author":[{"embeddable":true,"href":"https:\/\/prinsessepower.wtf\/blog\/wp-json\/wp\/v2\/users\/1"}],"replies":[{"embeddable":true,"href":"https:\/\/prinsessepower.wtf\/blog\/wp-json\/wp\/v2\/comments?post=404"}],"version-history":[{"count":1,"href":"https:\/\/prinsessepower.wtf\/blog\/wp-json\/wp\/v2\/pages\/404\/revisions"}],"predecessor-version":[{"id":2121,"href":"https:\/\/prinsessepower.wtf\/blog\/wp-json\/wp\/v2\/pages\/404\/revisions\/2121"}],"wp:attachment":[{"href":"https:\/\/prinsessepower.wtf\/blog\/wp-json\/wp\/v2\/media?parent=404"}],"curies":[{"name":"wp","href":"https:\/\/api.w.org\/{rel}","templated":true}]}}