{"id":1984,"date":"2025-02-23T11:31:57","date_gmt":"2025-02-23T10:31:57","guid":{"rendered":"https:\/\/prinsessepower.wtf\/blog\/?page_id=1984"},"modified":"2025-07-08T03:46:19","modified_gmt":"2025-07-08T02:46:19","slug":"hellige-relikvier","status":"publish","type":"page","link":"https:\/\/prinsessepower.wtf\/blog\/hellige-relikvier\/","title":{"rendered":"Hellige Relikvier"},"content":{"rendered":"\n<p>Velkommen til de hellige relikvier af min digitale historie! Dette er mine gamle dagbogsindl\u00e6g fra CyberRaga-\u00e6raen. De er kaotiske, fjollede, til tider tankev\u00e6kkende \u2013 og 100% en del af min rejse. Jeg troede engang, at jeg havde skizofreni. Det havde jeg ikke. Men her kan du l\u00e6se mine tanker fra dengang og se, hvordan mit syn p\u00e5 verden har udviklet sig. L\u00e6s med p\u00e5 eget ansvar!<br><br>(Der er desv\u00e6rre problemer med Hellige Relikvier-siden, men forh\u00e5bentlig f\u00e5r jeg den op at k\u00f8re igen p\u00e5 et tidspunkt).<\/p>\n","protected":false},"excerpt":{"rendered":"<p>Velkommen til de hellige relikvier af min digitale historie! Dette er mine gamle dagbogsindl\u00e6g fra CyberRaga-\u00e6raen. De er kaotiske, fjollede, til tider tankev\u00e6kkende \u2013 og 100% en del af min rejse. Jeg troede engang, at jeg havde skizofreni. Det havde jeg ikke. Men her kan du l\u00e6se mine tanker fra dengang og se, hvordan mit&hellip;&nbsp;<a href=\"https:\/\/prinsessepower.wtf\/blog\/hellige-relikvier\/\" rel=\"bookmark\">L\u00e6s mere &raquo;<span class=\"screen-reader-text\">Hellige Relikvier<\/span><\/a><\/p>\n","protected":false},"author":1,"featured_media":0,"parent":0,"menu_order":0,"comment_status":"closed","ping_status":"closed","template":"","meta":{"neve_meta_sidebar":"","neve_meta_container":"","neve_meta_enable_content_width":"","neve_meta_content_width":0,"neve_meta_title_alignment":"","neve_meta_author_avatar":"","neve_post_elements_order":"","neve_meta_disable_header":"","neve_meta_disable_footer":"","neve_meta_disable_title":"","jetpack_post_was_ever_published":false,"footnotes":""},"class_list":["post-1984","page","type-page","status-publish","hentry"],"yoast_head":"<!-- This site is optimized with the Yoast SEO plugin v27.5 - https:\/\/yoast.com\/product\/yoast-seo-wordpress\/ -->\n<title>Hellige Relikvier | Krigerprinsessen konfronterer<\/title>\n<meta name=\"description\" content=\"Fejldiagnosticeret, men langt fra f\u00e6rdig! F\u00f8lg min kamp for mental sundhed, neurodiversitet og de sm\u00e5 gl\u00e6der \u2013 med sarkasme og diadem p\u00e5!\" \/>\n<meta name=\"robots\" content=\"index, follow, max-snippet:-1, max-image-preview:large, max-video-preview:-1\" \/>\n<link rel=\"canonical\" href=\"https:\/\/prinsessepower.wtf\/blog\/hellige-relikvier\/\" \/>\n<meta property=\"og:locale\" content=\"da_DK\" \/>\n<meta property=\"og:type\" content=\"article\" \/>\n<meta property=\"og:title\" content=\"Hellige Relikvier | Krigerprinsessen konfronterer\" \/>\n<meta property=\"og:description\" content=\"Fejldiagnosticeret, men langt fra f\u00e6rdig! F\u00f8lg min kamp for mental sundhed, neurodiversitet og de sm\u00e5 gl\u00e6der \u2013 med sarkasme og diadem p\u00e5!\" \/>\n<meta property=\"og:url\" content=\"https:\/\/prinsessepower.wtf\/blog\/hellige-relikvier\/\" \/>\n<meta property=\"og:site_name\" content=\"Krigerprinsessen konfronterer\" \/>\n<meta property=\"article:modified_time\" content=\"2025-07-08T02:46:19+00:00\" \/>\n<meta name=\"twitter:card\" content=\"summary_large_image\" \/>\n<meta name=\"twitter:label1\" content=\"Estimeret l\u00e6setid\" \/>\n\t<meta name=\"twitter:data1\" content=\"1 minut\" \/>\n<script type=\"application\/ld+json\" class=\"yoast-schema-graph\">{\"@context\":\"https:\\\/\\\/schema.org\",\"@graph\":[{\"@type\":[\"Article\",\"BlogPosting\"],\"@id\":\"https:\\\/\\\/prinsessepower.wtf\\\/blog\\\/hellige-relikvier\\\/#article\",\"isPartOf\":{\"@id\":\"https:\\\/\\\/prinsessepower.wtf\\\/blog\\\/hellige-relikvier\\\/\"},\"author\":{\"name\":\"DiademX\",\"@id\":\"https:\\\/\\\/prinsessepower.wtf\\\/blog\\\/#\\\/schema\\\/person\\\/365b41744f8ad5976d5939d15672c816\"},\"headline\":\"Hellige Relikvier\",\"datePublished\":\"2025-02-23T10:31:57+00:00\",\"dateModified\":\"2025-07-08T02:46:19+00:00\",\"mainEntityOfPage\":{\"@id\":\"https:\\\/\\\/prinsessepower.wtf\\\/blog\\\/hellige-relikvier\\\/\"},\"wordCount\":94,\"publisher\":{\"@id\":\"https:\\\/\\\/prinsessepower.wtf\\\/blog\\\/#\\\/schema\\\/person\\\/365b41744f8ad5976d5939d15672c816\"},\"inLanguage\":\"da-DK\"},{\"@type\":\"WebPage\",\"@id\":\"https:\\\/\\\/prinsessepower.wtf\\\/blog\\\/hellige-relikvier\\\/\",\"url\":\"https:\\\/\\\/prinsessepower.wtf\\\/blog\\\/hellige-relikvier\\\/\",\"name\":\"Hellige Relikvier | Krigerprinsessen konfronterer\",\"isPartOf\":{\"@id\":\"https:\\\/\\\/prinsessepower.wtf\\\/blog\\\/#website\"},\"datePublished\":\"2025-02-23T10:31:57+00:00\",\"dateModified\":\"2025-07-08T02:46:19+00:00\",\"description\":\"Fejldiagnosticeret, men langt fra f\u00e6rdig! F\u00f8lg min kamp for mental sundhed, neurodiversitet og de sm\u00e5 gl\u00e6der \u2013 med sarkasme og diadem p\u00e5!\",\"breadcrumb\":{\"@id\":\"https:\\\/\\\/prinsessepower.wtf\\\/blog\\\/hellige-relikvier\\\/#breadcrumb\"},\"inLanguage\":\"da-DK\",\"potentialAction\":[{\"@type\":\"ReadAction\",\"target\":[\"https:\\\/\\\/prinsessepower.wtf\\\/blog\\\/hellige-relikvier\\\/\"]}]},{\"@type\":\"BreadcrumbList\",\"@id\":\"https:\\\/\\\/prinsessepower.wtf\\\/blog\\\/hellige-relikvier\\\/#breadcrumb\",\"itemListElement\":[{\"@type\":\"ListItem\",\"position\":1,\"name\":\"Slottet\",\"item\":\"https:\\\/\\\/prinsessepower.wtf\\\/blog\\\/\"},{\"@type\":\"ListItem\",\"position\":2,\"name\":\"Hellige Relikvier\"}]},{\"@type\":\"WebSite\",\"@id\":\"https:\\\/\\\/prinsessepower.wtf\\\/blog\\\/#website\",\"url\":\"https:\\\/\\\/prinsessepower.wtf\\\/blog\\\/\",\"name\":\"Krigerprinsessen konfronterer\",\"description\":\"\ud83d\udca5 Tryk avler modtryk \ud83d\udca5\",\"publisher\":{\"@id\":\"https:\\\/\\\/prinsessepower.wtf\\\/blog\\\/#\\\/schema\\\/person\\\/365b41744f8ad5976d5939d15672c816\"},\"alternateName\":\"Krigerprinsessen konfronterer\",\"potentialAction\":[{\"@type\":\"SearchAction\",\"target\":{\"@type\":\"EntryPoint\",\"urlTemplate\":\"https:\\\/\\\/prinsessepower.wtf\\\/blog\\\/?s={search_term_string}\"},\"query-input\":{\"@type\":\"PropertyValueSpecification\",\"valueRequired\":true,\"valueName\":\"search_term_string\"}}],\"inLanguage\":\"da-DK\"},{\"@type\":[\"Person\",\"Organization\"],\"@id\":\"https:\\\/\\\/prinsessepower.wtf\\\/blog\\\/#\\\/schema\\\/person\\\/365b41744f8ad5976d5939d15672c816\",\"name\":\"DiademX\",\"image\":{\"@type\":\"ImageObject\",\"inLanguage\":\"da-DK\",\"@id\":\"https:\\\/\\\/i0.wp.com\\\/prinsessepower.wtf\\\/blog\\\/wp-content\\\/uploads\\\/2024\\\/10\\\/DiademX20240621b-scaled.jpg?fit=2356%2C2560&ssl=1\",\"url\":\"https:\\\/\\\/i0.wp.com\\\/prinsessepower.wtf\\\/blog\\\/wp-content\\\/uploads\\\/2024\\\/10\\\/DiademX20240621b-scaled.jpg?fit=2356%2C2560&ssl=1\",\"contentUrl\":\"https:\\\/\\\/i0.wp.com\\\/prinsessepower.wtf\\\/blog\\\/wp-content\\\/uploads\\\/2024\\\/10\\\/DiademX20240621b-scaled.jpg?fit=2356%2C2560&ssl=1\",\"width\":2356,\"height\":2560,\"caption\":\"DiademX\"},\"logo\":{\"@id\":\"https:\\\/\\\/i0.wp.com\\\/prinsessepower.wtf\\\/blog\\\/wp-content\\\/uploads\\\/2024\\\/10\\\/DiademX20240621b-scaled.jpg?fit=2356%2C2560&ssl=1\"},\"description\":\"F\u00f8dt i 1975. M\u00f8dte Mandse i 1998, og flyttede sammen med ham. Fejlbehandlet for skizofreni siden 2001. F\u00f8rste indl\u00e6ggelse i 2004. Giftede mig med Mandse i 2008. I 2009 var vi s\u00e5 heldige, at m\u00f8de Mimi p\u00e5 1\u00bd \u00e5r, som var en lille DSG\\\/gravhund. Anden indl\u00e6ggelse i 2012. Svingd\u00f8rspatient, selvskadende og suicidal siden 2013. I 2021 m\u00e5tte vores lille nussepige Mimi desv\u00e6rre forlade os. Senere p\u00e5 \u00e5ret hentede vi Walther (B\u00f8ffe) p\u00e5 Fyn (75% gravhund\\\/25% DSG). Medicinfri (antipsykotika) i 2022. V\u00e6gttab startede primo 2022 (60-65 kg. efter 80 kg. overv\u00e6gt af antipsykotika). Udredt for f\u00f8rste gang i 2024 med diagnoserne autisme, ADHD og kompleks PTSD. Opstart p\u00e5 ADHD-medicin.\",\"sameAs\":[\"https:\\\/\\\/prinsessepower.wtf\\\/blog\",\"https:\\\/\\\/www.linkedin.com\\\/in\\\/sussi-malene-jacobsen--880604282\\\/\"],\"url\":\"https:\\\/\\\/prinsessepower.wtf\\\/blog\\\/author\\\/sushiespice_ldpg9b7u\\\/\"}]}<\/script>\n<!-- \/ Yoast SEO plugin. -->","yoast_head_json":{"title":"Hellige Relikvier | Krigerprinsessen konfronterer","description":"Fejldiagnosticeret, men langt fra f\u00e6rdig! F\u00f8lg min kamp for mental sundhed, neurodiversitet og de sm\u00e5 gl\u00e6der \u2013 med sarkasme og diadem p\u00e5!","robots":{"index":"index","follow":"follow","max-snippet":"max-snippet:-1","max-image-preview":"max-image-preview:large","max-video-preview":"max-video-preview:-1"},"canonical":"https:\/\/prinsessepower.wtf\/blog\/hellige-relikvier\/","og_locale":"da_DK","og_type":"article","og_title":"Hellige Relikvier | Krigerprinsessen konfronterer","og_description":"Fejldiagnosticeret, men langt fra f\u00e6rdig! F\u00f8lg min kamp for mental sundhed, neurodiversitet og de sm\u00e5 gl\u00e6der \u2013 med sarkasme og diadem p\u00e5!","og_url":"https:\/\/prinsessepower.wtf\/blog\/hellige-relikvier\/","og_site_name":"Krigerprinsessen konfronterer","article_modified_time":"2025-07-08T02:46:19+00:00","twitter_card":"summary_large_image","twitter_misc":{"Estimeret l\u00e6setid":"1 minut"},"schema":{"@context":"https:\/\/schema.org","@graph":[{"@type":["Article","BlogPosting"],"@id":"https:\/\/prinsessepower.wtf\/blog\/hellige-relikvier\/#article","isPartOf":{"@id":"https:\/\/prinsessepower.wtf\/blog\/hellige-relikvier\/"},"author":{"name":"DiademX","@id":"https:\/\/prinsessepower.wtf\/blog\/#\/schema\/person\/365b41744f8ad5976d5939d15672c816"},"headline":"Hellige Relikvier","datePublished":"2025-02-23T10:31:57+00:00","dateModified":"2025-07-08T02:46:19+00:00","mainEntityOfPage":{"@id":"https:\/\/prinsessepower.wtf\/blog\/hellige-relikvier\/"},"wordCount":94,"publisher":{"@id":"https:\/\/prinsessepower.wtf\/blog\/#\/schema\/person\/365b41744f8ad5976d5939d15672c816"},"inLanguage":"da-DK"},{"@type":"WebPage","@id":"https:\/\/prinsessepower.wtf\/blog\/hellige-relikvier\/","url":"https:\/\/prinsessepower.wtf\/blog\/hellige-relikvier\/","name":"Hellige Relikvier | Krigerprinsessen konfronterer","isPartOf":{"@id":"https:\/\/prinsessepower.wtf\/blog\/#website"},"datePublished":"2025-02-23T10:31:57+00:00","dateModified":"2025-07-08T02:46:19+00:00","description":"Fejldiagnosticeret, men langt fra f\u00e6rdig! F\u00f8lg min kamp for mental sundhed, neurodiversitet og de sm\u00e5 gl\u00e6der \u2013 med sarkasme og diadem p\u00e5!","breadcrumb":{"@id":"https:\/\/prinsessepower.wtf\/blog\/hellige-relikvier\/#breadcrumb"},"inLanguage":"da-DK","potentialAction":[{"@type":"ReadAction","target":["https:\/\/prinsessepower.wtf\/blog\/hellige-relikvier\/"]}]},{"@type":"BreadcrumbList","@id":"https:\/\/prinsessepower.wtf\/blog\/hellige-relikvier\/#breadcrumb","itemListElement":[{"@type":"ListItem","position":1,"name":"Slottet","item":"https:\/\/prinsessepower.wtf\/blog\/"},{"@type":"ListItem","position":2,"name":"Hellige Relikvier"}]},{"@type":"WebSite","@id":"https:\/\/prinsessepower.wtf\/blog\/#website","url":"https:\/\/prinsessepower.wtf\/blog\/","name":"Krigerprinsessen konfronterer","description":"\ud83d\udca5 Tryk avler modtryk \ud83d\udca5","publisher":{"@id":"https:\/\/prinsessepower.wtf\/blog\/#\/schema\/person\/365b41744f8ad5976d5939d15672c816"},"alternateName":"Krigerprinsessen konfronterer","potentialAction":[{"@type":"SearchAction","target":{"@type":"EntryPoint","urlTemplate":"https:\/\/prinsessepower.wtf\/blog\/?s={search_term_string}"},"query-input":{"@type":"PropertyValueSpecification","valueRequired":true,"valueName":"search_term_string"}}],"inLanguage":"da-DK"},{"@type":["Person","Organization"],"@id":"https:\/\/prinsessepower.wtf\/blog\/#\/schema\/person\/365b41744f8ad5976d5939d15672c816","name":"DiademX","image":{"@type":"ImageObject","inLanguage":"da-DK","@id":"https:\/\/i0.wp.com\/prinsessepower.wtf\/blog\/wp-content\/uploads\/2024\/10\/DiademX20240621b-scaled.jpg?fit=2356%2C2560&ssl=1","url":"https:\/\/i0.wp.com\/prinsessepower.wtf\/blog\/wp-content\/uploads\/2024\/10\/DiademX20240621b-scaled.jpg?fit=2356%2C2560&ssl=1","contentUrl":"https:\/\/i0.wp.com\/prinsessepower.wtf\/blog\/wp-content\/uploads\/2024\/10\/DiademX20240621b-scaled.jpg?fit=2356%2C2560&ssl=1","width":2356,"height":2560,"caption":"DiademX"},"logo":{"@id":"https:\/\/i0.wp.com\/prinsessepower.wtf\/blog\/wp-content\/uploads\/2024\/10\/DiademX20240621b-scaled.jpg?fit=2356%2C2560&ssl=1"},"description":"F\u00f8dt i 1975. M\u00f8dte Mandse i 1998, og flyttede sammen med ham. Fejlbehandlet for skizofreni siden 2001. F\u00f8rste indl\u00e6ggelse i 2004. Giftede mig med Mandse i 2008. I 2009 var vi s\u00e5 heldige, at m\u00f8de Mimi p\u00e5 1\u00bd \u00e5r, som var en lille DSG\/gravhund. Anden indl\u00e6ggelse i 2012. Svingd\u00f8rspatient, selvskadende og suicidal siden 2013. I 2021 m\u00e5tte vores lille nussepige Mimi desv\u00e6rre forlade os. Senere p\u00e5 \u00e5ret hentede vi Walther (B\u00f8ffe) p\u00e5 Fyn (75% gravhund\/25% DSG). Medicinfri (antipsykotika) i 2022. V\u00e6gttab startede primo 2022 (60-65 kg. efter 80 kg. overv\u00e6gt af antipsykotika). Udredt for f\u00f8rste gang i 2024 med diagnoserne autisme, ADHD og kompleks PTSD. Opstart p\u00e5 ADHD-medicin.","sameAs":["https:\/\/prinsessepower.wtf\/blog","https:\/\/www.linkedin.com\/in\/sussi-malene-jacobsen--880604282\/"],"url":"https:\/\/prinsessepower.wtf\/blog\/author\/sushiespice_ldpg9b7u\/"}]}},"jetpack_sharing_enabled":true,"_links":{"self":[{"href":"https:\/\/prinsessepower.wtf\/blog\/wp-json\/wp\/v2\/pages\/1984","targetHints":{"allow":["GET"]}}],"collection":[{"href":"https:\/\/prinsessepower.wtf\/blog\/wp-json\/wp\/v2\/pages"}],"about":[{"href":"https:\/\/prinsessepower.wtf\/blog\/wp-json\/wp\/v2\/types\/page"}],"author":[{"embeddable":true,"href":"https:\/\/prinsessepower.wtf\/blog\/wp-json\/wp\/v2\/users\/1"}],"replies":[{"embeddable":true,"href":"https:\/\/prinsessepower.wtf\/blog\/wp-json\/wp\/v2\/comments?post=1984"}],"version-history":[{"count":2,"href":"https:\/\/prinsessepower.wtf\/blog\/wp-json\/wp\/v2\/pages\/1984\/revisions"}],"predecessor-version":[{"id":2739,"href":"https:\/\/prinsessepower.wtf\/blog\/wp-json\/wp\/v2\/pages\/1984\/revisions\/2739"}],"wp:attachment":[{"href":"https:\/\/prinsessepower.wtf\/blog\/wp-json\/wp\/v2\/media?parent=1984"}],"curies":[{"name":"wp","href":"https:\/\/api.w.org\/{rel}","templated":true}]}}